{"id":49,"date":"2024-12-08T12:28:20","date_gmt":"2024-12-08T11:28:20","guid":{"rendered":"https:\/\/jansvo.1839.eu\/?page_id=49"},"modified":"2024-12-08T22:03:56","modified_gmt":"2024-12-08T21:03:56","slug":"blogoslawienstwo-na-sprzedaz","status":"publish","type":"page","link":"https:\/\/jansvo.1839.eu\/?page_id=49","title":{"rendered":"B\u0142ogos\u0142awie\u0144stwo na sprzeda\u017c"},"content":{"rendered":"\n<figure class=\"wp-block-gallery has-nested-images columns-default is-cropped wp-block-gallery-1 is-layout-flex wp-block-gallery-is-layout-flex\">\n<figure class=\"wp-block-image size-full\"><img loading=\"lazy\" decoding=\"async\" width=\"1000\" height=\"1000\" data-id=\"196\" src=\"https:\/\/jansvo.1839.eu\/wp-content\/uploads\/2024\/12\/STRONY-61-80_1.jpg\" alt=\"\" class=\"wp-image-196\" srcset=\"https:\/\/jansvo.1839.eu\/wp-content\/uploads\/2024\/12\/STRONY-61-80_1.jpg 1000w, https:\/\/jansvo.1839.eu\/wp-content\/uploads\/2024\/12\/STRONY-61-80_1-300x300.jpg 300w, https:\/\/jansvo.1839.eu\/wp-content\/uploads\/2024\/12\/STRONY-61-80_1-150x150.jpg 150w, https:\/\/jansvo.1839.eu\/wp-content\/uploads\/2024\/12\/STRONY-61-80_1-768x768.jpg 768w, https:\/\/jansvo.1839.eu\/wp-content\/uploads\/2024\/12\/STRONY-61-80_1-830x830.jpg 830w, https:\/\/jansvo.1839.eu\/wp-content\/uploads\/2024\/12\/STRONY-61-80_1-600x600.jpg 600w, https:\/\/jansvo.1839.eu\/wp-content\/uploads\/2024\/12\/STRONY-61-80_1-450x450.jpg 450w\" sizes=\"auto, (max-width: 1000px) 100vw, 1000px\" \/><\/figure>\n\n\n\n<figure class=\"wp-block-image size-large\"><img loading=\"lazy\" decoding=\"async\" width=\"1000\" height=\"1000\" data-id=\"150\" src=\"https:\/\/jansvo.1839.eu\/wp-content\/uploads\/2024\/12\/Blogoslawienstwo_2.jpg\" alt=\"\" class=\"wp-image-150\" srcset=\"https:\/\/jansvo.1839.eu\/wp-content\/uploads\/2024\/12\/Blogoslawienstwo_2.jpg 1000w, https:\/\/jansvo.1839.eu\/wp-content\/uploads\/2024\/12\/Blogoslawienstwo_2-300x300.jpg 300w, https:\/\/jansvo.1839.eu\/wp-content\/uploads\/2024\/12\/Blogoslawienstwo_2-150x150.jpg 150w, https:\/\/jansvo.1839.eu\/wp-content\/uploads\/2024\/12\/Blogoslawienstwo_2-768x768.jpg 768w, https:\/\/jansvo.1839.eu\/wp-content\/uploads\/2024\/12\/Blogoslawienstwo_2-830x830.jpg 830w, https:\/\/jansvo.1839.eu\/wp-content\/uploads\/2024\/12\/Blogoslawienstwo_2-600x600.jpg 600w, https:\/\/jansvo.1839.eu\/wp-content\/uploads\/2024\/12\/Blogoslawienstwo_2-450x450.jpg 450w\" sizes=\"auto, (max-width: 1000px) 100vw, 1000px\" \/><\/figure>\n\n\n\n<figure class=\"wp-block-image size-large\"><img loading=\"lazy\" decoding=\"async\" width=\"1000\" height=\"1000\" data-id=\"151\" src=\"https:\/\/jansvo.1839.eu\/wp-content\/uploads\/2024\/12\/Blogoslawienstwo_3.jpg\" alt=\"\" class=\"wp-image-151\" srcset=\"https:\/\/jansvo.1839.eu\/wp-content\/uploads\/2024\/12\/Blogoslawienstwo_3.jpg 1000w, https:\/\/jansvo.1839.eu\/wp-content\/uploads\/2024\/12\/Blogoslawienstwo_3-300x300.jpg 300w, https:\/\/jansvo.1839.eu\/wp-content\/uploads\/2024\/12\/Blogoslawienstwo_3-150x150.jpg 150w, https:\/\/jansvo.1839.eu\/wp-content\/uploads\/2024\/12\/Blogoslawienstwo_3-768x768.jpg 768w, https:\/\/jansvo.1839.eu\/wp-content\/uploads\/2024\/12\/Blogoslawienstwo_3-830x830.jpg 830w, https:\/\/jansvo.1839.eu\/wp-content\/uploads\/2024\/12\/Blogoslawienstwo_3-600x600.jpg 600w, https:\/\/jansvo.1839.eu\/wp-content\/uploads\/2024\/12\/Blogoslawienstwo_3-450x450.jpg 450w\" sizes=\"auto, (max-width: 1000px) 100vw, 1000px\" \/><\/figure>\n\n\n\n<figure class=\"wp-block-image size-large\"><img loading=\"lazy\" decoding=\"async\" width=\"1000\" height=\"1000\" data-id=\"152\" src=\"https:\/\/jansvo.1839.eu\/wp-content\/uploads\/2024\/12\/Blogoslawienstwo_4.jpg\" alt=\"\" class=\"wp-image-152\" srcset=\"https:\/\/jansvo.1839.eu\/wp-content\/uploads\/2024\/12\/Blogoslawienstwo_4.jpg 1000w, https:\/\/jansvo.1839.eu\/wp-content\/uploads\/2024\/12\/Blogoslawienstwo_4-300x300.jpg 300w, https:\/\/jansvo.1839.eu\/wp-content\/uploads\/2024\/12\/Blogoslawienstwo_4-150x150.jpg 150w, https:\/\/jansvo.1839.eu\/wp-content\/uploads\/2024\/12\/Blogoslawienstwo_4-768x768.jpg 768w, https:\/\/jansvo.1839.eu\/wp-content\/uploads\/2024\/12\/Blogoslawienstwo_4-830x830.jpg 830w, https:\/\/jansvo.1839.eu\/wp-content\/uploads\/2024\/12\/Blogoslawienstwo_4-600x600.jpg 600w, https:\/\/jansvo.1839.eu\/wp-content\/uploads\/2024\/12\/Blogoslawienstwo_4-450x450.jpg 450w\" sizes=\"auto, (max-width: 1000px) 100vw, 1000px\" \/><\/figure>\n\n\n\n<figure class=\"wp-block-image size-large\"><img loading=\"lazy\" decoding=\"async\" width=\"1000\" height=\"1000\" data-id=\"153\" src=\"https:\/\/jansvo.1839.eu\/wp-content\/uploads\/2024\/12\/Blogoslawienstwo_5.jpg\" alt=\"\" class=\"wp-image-153\" srcset=\"https:\/\/jansvo.1839.eu\/wp-content\/uploads\/2024\/12\/Blogoslawienstwo_5.jpg 1000w, https:\/\/jansvo.1839.eu\/wp-content\/uploads\/2024\/12\/Blogoslawienstwo_5-300x300.jpg 300w, https:\/\/jansvo.1839.eu\/wp-content\/uploads\/2024\/12\/Blogoslawienstwo_5-150x150.jpg 150w, https:\/\/jansvo.1839.eu\/wp-content\/uploads\/2024\/12\/Blogoslawienstwo_5-768x768.jpg 768w, https:\/\/jansvo.1839.eu\/wp-content\/uploads\/2024\/12\/Blogoslawienstwo_5-830x830.jpg 830w, https:\/\/jansvo.1839.eu\/wp-content\/uploads\/2024\/12\/Blogoslawienstwo_5-600x600.jpg 600w, https:\/\/jansvo.1839.eu\/wp-content\/uploads\/2024\/12\/Blogoslawienstwo_5-450x450.jpg 450w\" sizes=\"auto, (max-width: 1000px) 100vw, 1000px\" \/><\/figure>\n<\/figure>\n","protected":false},"excerpt":{"rendered":"","protected":false},"author":1,"featured_media":0,"parent":0,"menu_order":0,"comment_status":"closed","ping_status":"closed","template":"","meta":{"footnotes":""},"class_list":["post-49","page","type-page","status-publish","hentry"],"_links":{"self":[{"href":"https:\/\/jansvo.1839.eu\/index.php?rest_route=\/wp\/v2\/pages\/49","targetHints":{"allow":["GET"]}}],"collection":[{"href":"https:\/\/jansvo.1839.eu\/index.php?rest_route=\/wp\/v2\/pages"}],"about":[{"href":"https:\/\/jansvo.1839.eu\/index.php?rest_route=\/wp\/v2\/types\/page"}],"author":[{"embeddable":true,"href":"https:\/\/jansvo.1839.eu\/index.php?rest_route=\/wp\/v2\/users\/1"}],"replies":[{"embeddable":true,"href":"https:\/\/jansvo.1839.eu\/index.php?rest_route=%2Fwp%2Fv2%2Fcomments&post=49"}],"version-history":[{"count":6,"href":"https:\/\/jansvo.1839.eu\/index.php?rest_route=\/wp\/v2\/pages\/49\/revisions"}],"predecessor-version":[{"id":198,"href":"https:\/\/jansvo.1839.eu\/index.php?rest_route=\/wp\/v2\/pages\/49\/revisions\/198"}],"wp:attachment":[{"href":"https:\/\/jansvo.1839.eu\/index.php?rest_route=%2Fwp%2Fv2%2Fmedia&parent=49"}],"curies":[{"name":"wp","href":"https:\/\/api.w.org\/{rel}","templated":true}]}}